{"id":22,"date":"2022-04-21T12:19:45","date_gmt":"2022-04-21T10:19:45","guid":{"rendered":"https:\/\/www.imi-melamed.it\/?page_id=22"},"modified":"2023-01-11T09:44:48","modified_gmt":"2023-01-11T08:44:48","slug":"cap-1-epidemiologia","status":"publish","type":"page","link":"https:\/\/www.imi-melamed.it\/en\/home\/cap-1-epidemiologia\/","title":{"rendered":"Epidemiology"},"content":{"rendered":"<p><style>\r\nh1.page-title:before {\r\ncontent: '';\r\nbackground: url(https:\/\/www.imi-melamed.it\/wp-content\/uploads\/2022\/05\/icona_1_epidemiologia.png) no-repeat;\r\nbackground-size: 40px 40px;\r\nwidth: 50px;\r\nheight: 40px;\r\ndisplay: inline-block;\r\nleft: -10px;\r\nbackground-position:left bottom;\r\ntransform: translate(0%, 15%);\r\nimage-rendering:auto;\r\n}\r\n<\/style>Melanoma is a very aggressive type of skin cancer caused by the malignant transformation of melanocytes.<br \/>\nIl melanoma pu\u00f2 insorgere su cute apparentemente sana o dalla modificazione di un neo preesistente. Raramente pu\u00f2 insorgere anche a livello delle mucose (orale, genitale, congiuntivale o mucosa degli organi interni). \u00c8 una neoplasia <strong>relativamente frequente<\/strong>, ma in continuo aumento.<br \/>\nL\u2019incidenza \u00e8 maggiore nella razza caucasica.<br \/>\nSi tratta di uno dei principali tumori che insorge in giovane et\u00e0.<\/p>\n<p>Circa l\u201985% dei melanomi cutanei che insorgono annualmente nel mondo interessa le popolazioni di <strong>Nord-America, Europa e Oceania<\/strong>.<\/p>\n<p><a href=\"https:\/\/www.imi-melamed.it\/wp-content\/uploads\/2022\/04\/Immagine1.jpg\"><img loading=\"lazy\" decoding=\"async\" class=\"alignnone wp-image-8505 size-medium\" src=\"https:\/\/www.imi-melamed.it\/wp-content\/uploads\/2022\/04\/Immagine1-300x169.jpg\" alt=\"\" width=\"300\" height=\"169\" srcset=\"https:\/\/www.imi-melamed.it\/wp-content\/uploads\/2022\/04\/Immagine1-300x169.jpg 300w, https:\/\/www.imi-melamed.it\/wp-content\/uploads\/2022\/04\/Immagine1-1024x576.jpg 1024w, https:\/\/www.imi-melamed.it\/wp-content\/uploads\/2022\/04\/Immagine1-768x432.jpg 768w, https:\/\/www.imi-melamed.it\/wp-content\/uploads\/2022\/04\/Immagine1-370x208.jpg 370w, https:\/\/www.imi-melamed.it\/wp-content\/uploads\/2022\/04\/Immagine1.jpg 1280w\" sizes=\"auto, (max-width: 300px) 100vw, 300px\" \/><\/a><\/p>\n<p>In <strong>Europa<\/strong>, durante il periodo 1995-2012, si \u00e8 riscontato un aumento statisticamente significativo dell&#8217;incidenza di melanoma sia nella forma in situ (+7.7% uomini, +6.2% donne) sia per i casi invasivi (+4.0% uomini, +3.0% donne), costituiti principalmente dai melanomi sottili con valori di +10% uomini e +8.3% donne (Sacchetto L, Zanetti R, Comber H, et al. Trends in incidence of thick, thin and in situ melanoma in Europe. Eur J Cancer. 2018 Mar;92:108-118 <a href=\"https:\/\/pubmed.ncbi.nlm.nih.gov\/29395684\/\" target=\"_blank\" rel=\"noopener\">https:\/\/pubmed.ncbi.nlm.nih.gov\/29395684\/<\/a>)<br \/>\nI dati di incidenza e di mortalit\u00e0 europei possono essere accessibili sul sito della commissione europea ECIS &#8211; European Cancer Information System: <a href=\"https:\/\/ecis.jrc.ec.europa.eu\/\" target=\"_blank\" rel=\"noopener\">https:\/\/ecis.jrc.ec.europa.eu\/<\/a><\/p>\n<p>In <strong>Italia<\/strong>, sono stati stimati circa 14.900 nel 2020 (8.100 uomini e 6.700 donne), le stime per il 2021 non sono disponibili.<br \/>\nIl rischio di sviluppare un melanoma nel corso della vita \u00e8 del 1.5% nei maschi e del 1.2% nelle donne. Il trend d\u2018incidenza appare in aumento statisticamente significativo sia nei maschi (+ 4.4% per anno), che nelle donne (+ 3.1% per anno).<br \/>\nNel periodo 2008-2016 si \u00e8 riscontrato un aumento statisticamente significativo dei tassi di incidenza anche per sesso ed et\u00e0.<\/p>\n<p><a href=\"https:\/\/www.imi-melamed.it\/wp-content\/uploads\/2022\/04\/Immagine2.jpg\"><img loading=\"lazy\" decoding=\"async\" class=\"alignnone size-medium wp-image-8506\" src=\"https:\/\/www.imi-melamed.it\/wp-content\/uploads\/2022\/04\/Immagine2-300x169.jpg\" alt=\"\" width=\"300\" height=\"169\" srcset=\"https:\/\/www.imi-melamed.it\/wp-content\/uploads\/2022\/04\/Immagine2-300x169.jpg 300w, https:\/\/www.imi-melamed.it\/wp-content\/uploads\/2022\/04\/Immagine2-1024x576.jpg 1024w, https:\/\/www.imi-melamed.it\/wp-content\/uploads\/2022\/04\/Immagine2-768x432.jpg 768w, https:\/\/www.imi-melamed.it\/wp-content\/uploads\/2022\/04\/Immagine2-370x208.jpg 370w, https:\/\/www.imi-melamed.it\/wp-content\/uploads\/2022\/04\/Immagine2.jpg 1280w\" sizes=\"auto, (max-width: 300px) 100vw, 300px\" \/><\/a><\/p>\n<p>Nella popolazione italiana costituisce il secondo tumore pi\u00f9 frequente nei maschi sotto i 50 anni e il terzo pi\u00f9 frequente nelle femmine sotto i 50 anni.<\/p>\n<p><a href=\"https:\/\/www.imi-melamed.it\/wp-content\/uploads\/2022\/04\/Immagine3.jpg\"><img loading=\"lazy\" decoding=\"async\" class=\"alignnone size-medium wp-image-8507\" src=\"https:\/\/www.imi-melamed.it\/wp-content\/uploads\/2022\/04\/Immagine3-300x169.jpg\" alt=\"\" width=\"300\" height=\"169\" srcset=\"https:\/\/www.imi-melamed.it\/wp-content\/uploads\/2022\/04\/Immagine3-300x169.jpg 300w, https:\/\/www.imi-melamed.it\/wp-content\/uploads\/2022\/04\/Immagine3-1024x576.jpg 1024w, https:\/\/www.imi-melamed.it\/wp-content\/uploads\/2022\/04\/Immagine3-768x432.jpg 768w, https:\/\/www.imi-melamed.it\/wp-content\/uploads\/2022\/04\/Immagine3-370x208.jpg 370w, https:\/\/www.imi-melamed.it\/wp-content\/uploads\/2022\/04\/Immagine3.jpg 1280w\" sizes=\"auto, (max-width: 300px) 100vw, 300px\" \/><\/a><\/p>\n<p>Esiste tuttavia una notevole variabilit\u00e0 geografica nell\u2019incidenza del melanoma cutaneo nel nostro Paese con un evidente trend decrescente Nord-Sud: i tassi di incidenza sono fino a due volte pi\u00f9 bassi nel Sud Italia rispetto a quelli nelle aree del Centro-Nord Italia.<\/p>\n<p><a href=\"https:\/\/www.imi-melamed.it\/wp-content\/uploads\/2022\/04\/Immagine4.jpg\"><img loading=\"lazy\" decoding=\"async\" class=\"alignnone size-medium wp-image-8508\" src=\"https:\/\/www.imi-melamed.it\/wp-content\/uploads\/2022\/04\/Immagine4-300x169.jpg\" alt=\"\" width=\"300\" height=\"169\" srcset=\"https:\/\/www.imi-melamed.it\/wp-content\/uploads\/2022\/04\/Immagine4-300x169.jpg 300w, https:\/\/www.imi-melamed.it\/wp-content\/uploads\/2022\/04\/Immagine4-1024x576.jpg 1024w, https:\/\/www.imi-melamed.it\/wp-content\/uploads\/2022\/04\/Immagine4-768x432.jpg 768w, https:\/\/www.imi-melamed.it\/wp-content\/uploads\/2022\/04\/Immagine4-370x208.jpg 370w, https:\/\/www.imi-melamed.it\/wp-content\/uploads\/2022\/04\/Immagine4.jpg 1280w\" sizes=\"auto, (max-width: 300px) 100vw, 300px\" \/><\/a><\/p>\n<p>In Italia, la sopravvivenza netta a 5 anni standardizzata per et\u00e0 \u00e8 dell\u201987,8% per gli uomini e dell\u201990,8% per le donne (casi incidenti nel periodo 2010-2014, con follow-up al 2018).<\/p>\n<p><a href=\"https:\/\/www.imi-melamed.it\/wp-content\/uploads\/2022\/04\/Immagine5.jpg\"><img loading=\"lazy\" decoding=\"async\" class=\"alignnone size-medium wp-image-8509\" src=\"https:\/\/www.imi-melamed.it\/wp-content\/uploads\/2022\/04\/Immagine5-300x169.jpg\" alt=\"\" width=\"300\" height=\"169\" srcset=\"https:\/\/www.imi-melamed.it\/wp-content\/uploads\/2022\/04\/Immagine5-300x169.jpg 300w, https:\/\/www.imi-melamed.it\/wp-content\/uploads\/2022\/04\/Immagine5-1024x576.jpg 1024w, https:\/\/www.imi-melamed.it\/wp-content\/uploads\/2022\/04\/Immagine5-768x432.jpg 768w, https:\/\/www.imi-melamed.it\/wp-content\/uploads\/2022\/04\/Immagine5-370x208.jpg 370w, https:\/\/www.imi-melamed.it\/wp-content\/uploads\/2022\/04\/Immagine5.jpg 1280w\" sizes=\"auto, (max-width: 300px) 100vw, 300px\" \/><\/a><\/p>\n<p>Considerando le diverse aree geografiche, si registrano differenze di sopravvivenza netta a 5 anni: dall\u201988% in uomini e 91% in donne nel Nord Est, all\u201985% in uomini e 89% in donne nel Nord Ovest e Centro Italia, fino all\u201980% in uomini e 84% in donne nel Sud Italia (Linee guida AIOM 2021).<br \/>\nNel 2020, sono circa 169.900 (5% del totale) i cittadini italiani con pregressa diagnosi di melanoma (in Italia, nel 2006 i casi prevalenti erano circa 80.000).<\/p>\n<p><a href=\"https:\/\/www.imi-melamed.it\/wp-content\/uploads\/2022\/04\/Immagine6.jpg\"><img loading=\"lazy\" decoding=\"async\" class=\"alignnone size-medium wp-image-8510\" src=\"https:\/\/www.imi-melamed.it\/wp-content\/uploads\/2022\/04\/Immagine6-300x169.jpg\" alt=\"\" width=\"300\" height=\"169\" srcset=\"https:\/\/www.imi-melamed.it\/wp-content\/uploads\/2022\/04\/Immagine6-300x169.jpg 300w, https:\/\/www.imi-melamed.it\/wp-content\/uploads\/2022\/04\/Immagine6-1024x576.jpg 1024w, https:\/\/www.imi-melamed.it\/wp-content\/uploads\/2022\/04\/Immagine6-768x432.jpg 768w, https:\/\/www.imi-melamed.it\/wp-content\/uploads\/2022\/04\/Immagine6-370x208.jpg 370w, https:\/\/www.imi-melamed.it\/wp-content\/uploads\/2022\/04\/Immagine6.jpg 1280w\" sizes=\"auto, (max-width: 300px) 100vw, 300px\" \/><\/a><\/p>\n<p>Il melanoma nell\u2019infanzia \u00e8 molto raro prima dei 14 anni (AIRTUM. I Tumori in Italia &#8211; Rapporto 2012. I tumori dei bambini e degli adolescenti. Epidemiol Prev 2013; 37(1) Suppl 1.)<br \/>\n<a href=\"https:\/\/www.registri-tumori.it\/cms\/pubblicazioni\/i-tumori-italia-rapporto-2012-i-tumori-dei-bambini-e-degli-adolescenti\" target=\"_blank\" rel=\"noopener\">https:\/\/www.registri-tumori.it\/cms\/pubblicazioni\/i-tumori-italia-rapporto-2012-i-tumori-dei-bambini-e-degli-adolescenti<\/a><\/p>","protected":false},"excerpt":{"rendered":"<p>Il melanoma \u00e8 un tumore molto aggressivo che deriva dalla trasformazione maligna dei melanociti. Il melanoma pu\u00f2 insorgere su cute apparentemente sana o dalla modificazione di un neo preesistente. Raramente pu\u00f2 insorgere anche a livello delle mucose (orale, genitale, congiuntivale o mucosa degli organi interni). \u00c8 una neoplasia relativamente frequente, ma in continuo aumento. L\u2019incidenza [&hellip;]<\/p>\n","protected":false},"author":3,"featured_media":0,"parent":10186,"menu_order":1,"comment_status":"closed","ping_status":"closed","template":"","meta":{"footnotes":""},"class_list":["post-22","page","type-page","status-publish","hentry","no-thumb"],"yoast_head":"<!-- This site is optimized with the Yoast SEO plugin v27.4 - https:\/\/yoast.com\/product\/yoast-seo-wordpress\/ -->\r\n<title>Epidemiologia - MelaMEd<\/title>\r\n<meta name=\"robots\" content=\"index, follow, max-snippet:-1, max-image-preview:large, max-video-preview:-1\" \/>\r\n<link rel=\"canonical\" href=\"https:\/\/www.imi-melamed.it\/en\/home\/cap-1-epidemiologia\/\" \/>\r\n<meta property=\"og:locale\" content=\"en_GB\" \/>\r\n<meta property=\"og:type\" content=\"article\" \/>\r\n<meta property=\"og:title\" content=\"Epidemiologia - MelaMEd\" \/>\r\n<meta property=\"og:description\" content=\"Il melanoma \u00e8 un tumore molto aggressivo che deriva dalla trasformazione maligna dei melanociti. Il melanoma pu\u00f2 insorgere su cute apparentemente sana o dalla modificazione di un neo preesistente. Raramente pu\u00f2 insorgere anche a livello delle mucose (orale, genitale, congiuntivale o mucosa degli organi interni). \u00c8 una neoplasia relativamente frequente, ma in continuo aumento. L\u2019incidenza [&hellip;]\" \/>\r\n<meta property=\"og:url\" content=\"https:\/\/www.imi-melamed.it\/en\/home\/cap-1-epidemiologia\/\" \/>\r\n<meta property=\"og:site_name\" content=\"MelaMEd\" \/>\r\n<meta property=\"article:publisher\" content=\"https:\/\/www.facebook.com\/melanomaimi.it\/\" \/>\r\n<meta property=\"article:modified_time\" content=\"2023-01-11T08:44:48+00:00\" \/>\r\n<meta property=\"og:image\" content=\"https:\/\/www.imi-melamed.it\/wp-content\/uploads\/2022\/04\/Immagine1-300x169.jpg\" \/>\r\n<meta name=\"twitter:card\" content=\"summary_large_image\" \/>\r\n<meta name=\"twitter:site\" content=\"@ImiItaliano\" \/>\r\n<meta name=\"twitter:label1\" content=\"Estimated reading time\" \/>\n\t<meta name=\"twitter:data1\" content=\"4 minutes\" \/>\r\n<script type=\"application\/ld+json\" class=\"yoast-schema-graph\">{\"@context\":\"https:\\\/\\\/schema.org\",\"@graph\":[{\"@type\":\"WebPage\",\"@id\":\"https:\\\/\\\/www.imi-melamed.it\\\/home\\\/cap-1-epidemiologia\\\/\",\"url\":\"https:\\\/\\\/www.imi-melamed.it\\\/home\\\/cap-1-epidemiologia\\\/\",\"name\":\"Epidemiologia - MelaMEd\",\"isPartOf\":{\"@id\":\"https:\\\/\\\/www.imi-melamed.it\\\/#website\"},\"primaryImageOfPage\":{\"@id\":\"https:\\\/\\\/www.imi-melamed.it\\\/home\\\/cap-1-epidemiologia\\\/#primaryimage\"},\"image\":{\"@id\":\"https:\\\/\\\/www.imi-melamed.it\\\/home\\\/cap-1-epidemiologia\\\/#primaryimage\"},\"thumbnailUrl\":\"https:\\\/\\\/www.imi-melamed.it\\\/wp-content\\\/uploads\\\/2022\\\/04\\\/Immagine1-300x169.jpg\",\"datePublished\":\"2022-04-21T10:19:45+00:00\",\"dateModified\":\"2023-01-11T08:44:48+00:00\",\"breadcrumb\":{\"@id\":\"https:\\\/\\\/www.imi-melamed.it\\\/home\\\/cap-1-epidemiologia\\\/#breadcrumb\"},\"inLanguage\":\"en-GB\",\"potentialAction\":[{\"@type\":\"ReadAction\",\"target\":[\"https:\\\/\\\/www.imi-melamed.it\\\/home\\\/cap-1-epidemiologia\\\/\"]}]},{\"@type\":\"ImageObject\",\"inLanguage\":\"en-GB\",\"@id\":\"https:\\\/\\\/www.imi-melamed.it\\\/home\\\/cap-1-epidemiologia\\\/#primaryimage\",\"url\":\"https:\\\/\\\/www.imi-melamed.it\\\/wp-content\\\/uploads\\\/2022\\\/04\\\/Immagine1-300x169.jpg\",\"contentUrl\":\"https:\\\/\\\/www.imi-melamed.it\\\/wp-content\\\/uploads\\\/2022\\\/04\\\/Immagine1-300x169.jpg\"},{\"@type\":\"BreadcrumbList\",\"@id\":\"https:\\\/\\\/www.imi-melamed.it\\\/home\\\/cap-1-epidemiologia\\\/#breadcrumb\",\"itemListElement\":[{\"@type\":\"ListItem\",\"position\":1,\"name\":\"Home\",\"item\":\"https:\\\/\\\/www.imi-melamed.it\\\/\"},{\"@type\":\"ListItem\",\"position\":2,\"name\":\"Home\",\"item\":\"https:\\\/\\\/www.imi-melamed.it\\\/\"},{\"@type\":\"ListItem\",\"position\":3,\"name\":\"Epidemiologia\"}]},{\"@type\":\"WebSite\",\"@id\":\"https:\\\/\\\/www.imi-melamed.it\\\/#website\",\"url\":\"https:\\\/\\\/www.imi-melamed.it\\\/\",\"name\":\"MelaMEd\",\"description\":\"Atlante interattivo per la prevenzione, la diagnosi e la terapia del melanoma e delle lesioni pigmentate cutanee\",\"publisher\":{\"@id\":\"https:\\\/\\\/www.imi-melamed.it\\\/#organization\"},\"potentialAction\":[{\"@type\":\"SearchAction\",\"target\":{\"@type\":\"EntryPoint\",\"urlTemplate\":\"https:\\\/\\\/www.imi-melamed.it\\\/?s={search_term_string}\"},\"query-input\":{\"@type\":\"PropertyValueSpecification\",\"valueRequired\":true,\"valueName\":\"search_term_string\"}}],\"inLanguage\":\"en-GB\"},{\"@type\":\"Organization\",\"@id\":\"https:\\\/\\\/www.imi-melamed.it\\\/#organization\",\"name\":\"IMI MelaMEd\",\"url\":\"https:\\\/\\\/www.imi-melamed.it\\\/\",\"logo\":{\"@type\":\"ImageObject\",\"inLanguage\":\"en-GB\",\"@id\":\"https:\\\/\\\/www.imi-melamed.it\\\/#\\\/schema\\\/logo\\\/image\\\/\",\"url\":\"https:\\\/\\\/www.imi-melamed.it\\\/wp-content\\\/uploads\\\/2019\\\/10\\\/MelaMEd-logo-NUOVO.png\",\"contentUrl\":\"https:\\\/\\\/www.imi-melamed.it\\\/wp-content\\\/uploads\\\/2019\\\/10\\\/MelaMEd-logo-NUOVO.png\",\"width\":760,\"height\":180,\"caption\":\"IMI MelaMEd\"},\"image\":{\"@id\":\"https:\\\/\\\/www.imi-melamed.it\\\/#\\\/schema\\\/logo\\\/image\\\/\"},\"sameAs\":[\"https:\\\/\\\/www.facebook.com\\\/melanomaimi.it\\\/\",\"https:\\\/\\\/x.com\\\/ImiItaliano\",\"https:\\\/\\\/www.instagram.com\\\/imiintergruppomelanomaitaliano\\\/\",\"https:\\\/\\\/www.youtube.com\\\/channel\\\/UCWV2M7EyOgNt81Ozqr5N1Cw\"]}]}<\/script>\r\n<!-- \/ Yoast SEO plugin. -->","yoast_head_json":{"title":"Epidemiologia - MelaMEd","robots":{"index":"index","follow":"follow","max-snippet":"max-snippet:-1","max-image-preview":"max-image-preview:large","max-video-preview":"max-video-preview:-1"},"canonical":"https:\/\/www.imi-melamed.it\/en\/home\/cap-1-epidemiologia\/","og_locale":"en_GB","og_type":"article","og_title":"Epidemiologia - MelaMEd","og_description":"Il melanoma \u00e8 un tumore molto aggressivo che deriva dalla trasformazione maligna dei melanociti. Il melanoma pu\u00f2 insorgere su cute apparentemente sana o dalla modificazione di un neo preesistente. Raramente pu\u00f2 insorgere anche a livello delle mucose (orale, genitale, congiuntivale o mucosa degli organi interni). \u00c8 una neoplasia relativamente frequente, ma in continuo aumento. L\u2019incidenza [&hellip;]","og_url":"https:\/\/www.imi-melamed.it\/en\/home\/cap-1-epidemiologia\/","og_site_name":"MelaMEd","article_publisher":"https:\/\/www.facebook.com\/melanomaimi.it\/","article_modified_time":"2023-01-11T08:44:48+00:00","og_image":[{"url":"https:\/\/www.imi-melamed.it\/wp-content\/uploads\/2022\/04\/Immagine1-300x169.jpg","type":"","width":"","height":""}],"twitter_card":"summary_large_image","twitter_site":"@ImiItaliano","twitter_misc":{"Estimated reading time":"4 minutes"},"schema":{"@context":"https:\/\/schema.org","@graph":[{"@type":"WebPage","@id":"https:\/\/www.imi-melamed.it\/home\/cap-1-epidemiologia\/","url":"https:\/\/www.imi-melamed.it\/home\/cap-1-epidemiologia\/","name":"Epidemiologia - MelaMEd","isPartOf":{"@id":"https:\/\/www.imi-melamed.it\/#website"},"primaryImageOfPage":{"@id":"https:\/\/www.imi-melamed.it\/home\/cap-1-epidemiologia\/#primaryimage"},"image":{"@id":"https:\/\/www.imi-melamed.it\/home\/cap-1-epidemiologia\/#primaryimage"},"thumbnailUrl":"https:\/\/www.imi-melamed.it\/wp-content\/uploads\/2022\/04\/Immagine1-300x169.jpg","datePublished":"2022-04-21T10:19:45+00:00","dateModified":"2023-01-11T08:44:48+00:00","breadcrumb":{"@id":"https:\/\/www.imi-melamed.it\/home\/cap-1-epidemiologia\/#breadcrumb"},"inLanguage":"en-GB","potentialAction":[{"@type":"ReadAction","target":["https:\/\/www.imi-melamed.it\/home\/cap-1-epidemiologia\/"]}]},{"@type":"ImageObject","inLanguage":"en-GB","@id":"https:\/\/www.imi-melamed.it\/home\/cap-1-epidemiologia\/#primaryimage","url":"https:\/\/www.imi-melamed.it\/wp-content\/uploads\/2022\/04\/Immagine1-300x169.jpg","contentUrl":"https:\/\/www.imi-melamed.it\/wp-content\/uploads\/2022\/04\/Immagine1-300x169.jpg"},{"@type":"BreadcrumbList","@id":"https:\/\/www.imi-melamed.it\/home\/cap-1-epidemiologia\/#breadcrumb","itemListElement":[{"@type":"ListItem","position":1,"name":"Home","item":"https:\/\/www.imi-melamed.it\/"},{"@type":"ListItem","position":2,"name":"Home","item":"https:\/\/www.imi-melamed.it\/"},{"@type":"ListItem","position":3,"name":"Epidemiologia"}]},{"@type":"WebSite","@id":"https:\/\/www.imi-melamed.it\/#website","url":"https:\/\/www.imi-melamed.it\/","name":"MelaMEd","description":"Atlante interattivo per la prevenzione, la diagnosi e la terapia del melanoma e delle lesioni pigmentate cutanee","publisher":{"@id":"https:\/\/www.imi-melamed.it\/#organization"},"potentialAction":[{"@type":"SearchAction","target":{"@type":"EntryPoint","urlTemplate":"https:\/\/www.imi-melamed.it\/?s={search_term_string}"},"query-input":{"@type":"PropertyValueSpecification","valueRequired":true,"valueName":"search_term_string"}}],"inLanguage":"en-GB"},{"@type":"Organization","@id":"https:\/\/www.imi-melamed.it\/#organization","name":"IMI MelaMEd","url":"https:\/\/www.imi-melamed.it\/","logo":{"@type":"ImageObject","inLanguage":"en-GB","@id":"https:\/\/www.imi-melamed.it\/#\/schema\/logo\/image\/","url":"https:\/\/www.imi-melamed.it\/wp-content\/uploads\/2019\/10\/MelaMEd-logo-NUOVO.png","contentUrl":"https:\/\/www.imi-melamed.it\/wp-content\/uploads\/2019\/10\/MelaMEd-logo-NUOVO.png","width":760,"height":180,"caption":"IMI MelaMEd"},"image":{"@id":"https:\/\/www.imi-melamed.it\/#\/schema\/logo\/image\/"},"sameAs":["https:\/\/www.facebook.com\/melanomaimi.it\/","https:\/\/x.com\/ImiItaliano","https:\/\/www.instagram.com\/imiintergruppomelanomaitaliano\/","https:\/\/www.youtube.com\/channel\/UCWV2M7EyOgNt81Ozqr5N1Cw"]}]}},"_links":{"self":[{"href":"https:\/\/www.imi-melamed.it\/en\/wp-json\/wp\/v2\/pages\/22","targetHints":{"allow":["GET"]}}],"collection":[{"href":"https:\/\/www.imi-melamed.it\/en\/wp-json\/wp\/v2\/pages"}],"about":[{"href":"https:\/\/www.imi-melamed.it\/en\/wp-json\/wp\/v2\/types\/page"}],"author":[{"embeddable":true,"href":"https:\/\/www.imi-melamed.it\/en\/wp-json\/wp\/v2\/users\/3"}],"replies":[{"embeddable":true,"href":"https:\/\/www.imi-melamed.it\/en\/wp-json\/wp\/v2\/comments?post=22"}],"version-history":[{"count":1,"href":"https:\/\/www.imi-melamed.it\/en\/wp-json\/wp\/v2\/pages\/22\/revisions"}],"predecessor-version":[{"id":10911,"href":"https:\/\/www.imi-melamed.it\/en\/wp-json\/wp\/v2\/pages\/22\/revisions\/10911"}],"up":[{"embeddable":true,"href":"https:\/\/www.imi-melamed.it\/en\/wp-json\/wp\/v2\/pages\/10186"}],"wp:attachment":[{"href":"https:\/\/www.imi-melamed.it\/en\/wp-json\/wp\/v2\/media?parent=22"}],"curies":[{"name":"wp","href":"https:\/\/api.w.org\/{rel}","templated":true}]}}